{"id":214,"date":"2017-11-27T10:36:58","date_gmt":"2017-11-27T10:36:58","guid":{"rendered":"http:\/\/wp.catznco.ch\/?page_id=214"},"modified":"2023-03-29T16:33:51","modified_gmt":"2023-03-29T14:33:51","slug":"impressum","status":"publish","type":"page","link":"https:\/\/catznco.ch\/en\/impressum\/","title":{"rendered":"Impressum"},"content":{"rendered":"<div class=\"wpb-content-wrapper\"><p>[vc_row][vc_column][vc_column_text]<\/p>\n<h1>Impressum<\/h1>\n<h3>Kontaktadresse<\/h3>\n<p>Catz &amp; Co. GmbH<br \/>\nKreuzboden 9a<br \/>\n6344 Meierskappel<br \/>\nSchweiz<br \/>\n<a href=\"mailto:info@catznco.ch\">info@catznco.ch<\/a><\/p>\n<h3>Vertretungsberechtigte Personen<\/h3>\n<p>Susanne Furrer<br \/>\nGesch\u00e4ftsf\u00fchrerin<\/p>\n<h3>Handelsregistereintrag<\/h3>\n<p>Eingetragener Firmenname: Gemperle Consulting GmbH<br \/>\nUID\/Mwst-Nr: CHE-394.472.365<br \/>\nGerichtsstand: Meierskappel<\/p>\n<h3>Haftungsausschluss<\/h3>\n<p>Der Autor \u00fcbernimmt keinerlei Gew\u00e4hr hinsichtlich der inhaltlichen Richtigkeit, Genauigkeit, Aktualit\u00e4t, Zuverl\u00e4ssigkeit und Vollst\u00e4ndigkeit der Informationen.<br \/>\nHaftungsanspr\u00fcche gegen den Autor wegen Sch\u00e4den materieller oder immaterieller Art, welche aus dem Zugriff oder der Nutzung bzw. Nichtnutzung der ver\u00f6ffentlichten Informationen, durch Missbrauch der Verbindung oder durch technische St\u00f6rungen entstanden sind, werden ausgeschlossen.<br \/>\nAlle Angebote sind unverbindlich. Der Autor beh\u00e4lt es sich ausdr\u00fccklich vor, Teile der Seiten oder das gesamte Angebot ohne gesonderte Ank\u00fcndigung zu ver\u00e4ndern, zu erg\u00e4nzen, zu l\u00f6schen oder die Ver\u00f6ffentlichung zeitweise oder endg\u00fcltig einzustellen.<\/p>\n<h3>Haftung f\u00fcr Links<\/h3>\n<p>Verweise und Links auf Webseiten Dritter liegen ausserhalb unseres Verantwortungsbereichs. Es wird jegliche Verantwortung f\u00fcr solche Webseiten abgelehnt. Der Zugriff und die Nutzung solcher Webseiten erfolgen auf eigene Gefahr des Nutzers oder der Nutzerin.<\/p>\n<h3>Urheberrechte<\/h3>\n<p>Die Urheber- und alle anderen Rechte an Inhalten, Bildern, Fotos oder anderen Dateien auf der Website geh\u00f6ren ausschliesslich der Firma Catz &amp; Co. oder den speziell genannten Rechtsinhabern. F\u00fcr die Reproduktion jeglicher Elemente ist die schriftliche Zustimmung der Urheberrechtstr\u00e4ger im Voraus einzuholen.<\/p>\n<h3>Datenschutz<\/h3>\n<p>Gest\u00fctzt auf Artikel 13 der schweizerischen Bundesverfassung und die datenschutzrechtlichen Bestimmungen des Bundes (Datenschutzgesetz, DSG) hat jede Person Anspruch auf Schutz ihrer Privatsph\u00e4re sowie auf Schutz vor Missbrauch ihrer pers\u00f6nlichen Daten. Wir halten diese Bestimmungen ein. Pers\u00f6nliche Daten werden streng vertraulich behandelt und weder an Dritte verkauft noch weiter gegeben.<br \/>\nIn enger Zusammenarbeit mit unseren Hosting-Providern bem\u00fchen wir uns, die Datenbanken so gut wie m\u00f6glich vor fremden Zugriffen, Verlusten, Missbrauch oder vor F\u00e4lschung zu sch\u00fctzen.<br \/>\nBeim Zugriff auf unsere Webseiten werden folgende Daten in Logfiles gespeichert: IP-Adresse, Datum, Uhrzeit, Browser-Anfrage und allg. \u00fcbertragene Informationen zum Betriebssystem resp. Browser. Diese Nutzungsdaten bilden die Basis f\u00fcr statistische, anonyme Auswertungen, so dass Trends erkennbar sind, anhand derer wir unsere Angebote entsprechend verbessern k\u00f6nnen.<\/p>\n<h3>Quelle<\/h3>\n<p>Dieses Impressum wurde am 19.11.2017 mit dem Impressum-Generator http:\/\/www.bag.ch\/impressum-generator der Firma Brunner Medien AG in Kriens erstellt. Die Brunner Medien AG in Kriens \u00fcbernimmt keine Haftung.[\/vc_column_text][\/vc_column][\/vc_row]<\/p>\n<\/div>","protected":false},"excerpt":{"rendered":"<p>[vc_row][vc_column][vc_column_text] Impressum Kontaktadresse Catz &amp; Co. GmbH Kreuzboden 9a 6344 Meierskappel Schweiz info@catznco.ch Vertretungsberechtigte Personen Susanne Furrer Gesch\u00e4ftsf\u00fchrerin Handelsregistereintrag Eingetragener Firmenname: Gemperle Consulting GmbH UID\/Mwst-Nr: CHE-394.472.365 Gerichtsstand: Meierskappel Haftungsausschluss Der Autor \u00fcbernimmt keinerlei Gew\u00e4hr hinsichtlich der inhaltlichen Richtigkeit, Genauigkeit, Aktualit\u00e4t, Zuverl\u00e4ssigkeit und Vollst\u00e4ndigkeit der Informationen. Haftungsanspr\u00fcche gegen den Autor wegen Sch\u00e4den materieller oder immaterieller Art,&hellip;<\/p>\n","protected":false},"author":1,"featured_media":0,"parent":0,"menu_order":0,"comment_status":"closed","ping_status":"closed","template":"","meta":{"footnotes":""},"class_list":["post-214","page","type-page","status-publish","hentry","description-off"],"aioseo_notices":[],"_links":{"self":[{"href":"https:\/\/catznco.ch\/en\/wp-json\/wp\/v2\/pages\/214","targetHints":{"allow":["GET"]}}],"collection":[{"href":"https:\/\/catznco.ch\/en\/wp-json\/wp\/v2\/pages"}],"about":[{"href":"https:\/\/catznco.ch\/en\/wp-json\/wp\/v2\/types\/page"}],"author":[{"embeddable":true,"href":"https:\/\/catznco.ch\/en\/wp-json\/wp\/v2\/users\/1"}],"replies":[{"embeddable":true,"href":"https:\/\/catznco.ch\/en\/wp-json\/wp\/v2\/comments?post=214"}],"version-history":[{"count":4,"href":"https:\/\/catznco.ch\/en\/wp-json\/wp\/v2\/pages\/214\/revisions"}],"predecessor-version":[{"id":1286,"href":"https:\/\/catznco.ch\/en\/wp-json\/wp\/v2\/pages\/214\/revisions\/1286"}],"wp:attachment":[{"href":"https:\/\/catznco.ch\/en\/wp-json\/wp\/v2\/media?parent=214"}],"curies":[{"name":"wp","href":"https:\/\/api.w.org\/{rel}","templated":true}]}}